{"id":2336,"date":"2017-12-06T15:11:10","date_gmt":"2017-12-06T15:11:10","guid":{"rendered":"https:\/\/crossroadslocations.be\/flexi-space-2\/"},"modified":"2022-06-17T13:23:32","modified_gmt":"2022-06-17T13:23:32","slug":"flexi-space","status":"publish","type":"page","link":"https:\/\/crossroadslocations.be\/en\/flexi-space\/","title":{"rendered":"Flexi Space"},"content":{"rendered":"<section class=\"l-section wpb_row us_custom_6df4bc3a has_text_color height_huge with_img\"><div class=\"l-section-img\" role=\"img\" aria-label=\"Image\" data-img-width=\"1920\" data-img-height=\"638\" style=\"background-image: url(https:\/\/crossroadslocations.be\/wp-content\/uploads\/2017\/12\/flexi_header.jpg);background-position: top center;background-repeat: no-repeat;\"><\/div><div class=\"l-section-h i-cf\"><div class=\"g-cols vc_row via_flex valign_top type_default stacking_default\"><div class=\"vc_col-sm-12 wpb_column vc_column_container\"><div class=\"vc_column-inner\"><div class=\"wpb_wrapper\"><div class=\"wpb_text_column text-center\"><div class=\"wpb_wrapper\"><h1>FLEXI SPACE<\/h1>\n<\/div><\/div><\/div><\/div><\/div><\/div><\/div><\/section><section class=\"l-section wpb_row us_custom_93fda62f has_text_color height_small\"><div class=\"l-section-h i-cf\"><div class=\"g-cols vc_row via_flex valign_middle type_default stacking_default\"><div class=\"vc_col-sm-3 wpb_column vc_column_container\"><div class=\"vc_column-inner\"><div class=\"wpb_wrapper\"><div class=\"w-iconbox iconpos_top style_default color_contrast align_center no_text no_title\"><div class=\"w-iconbox-icon\" style=\"font-size:30px;\"><i class=\"fab fa-facebook-f\"><\/i><\/div><div class=\"w-iconbox-meta\"><\/div><\/div><\/div><\/div><\/div><div class=\"vc_col-sm-6 wpb_column vc_column_container\"><div class=\"vc_column-inner\"><div class=\"wpb_wrapper\"><div class=\"wpb_text_column text-center cta\"><div class=\"wpb_wrapper\"><p class=\"bigger-cta\">Follow us on Facebook!<\/p>\n<\/div><\/div><\/div><\/div><\/div><div class=\"vc_col-sm-3 wpb_column vc_column_container\"><div class=\"vc_column-inner\"><div class=\"wpb_wrapper\"><div class=\"w-btn-wrapper align_center\"><a class=\"w-btn us-btn-style_3 us_custom_80a192e9\" target=\" _blank\" rel=\"nofollow\" href=\"https:\/\/www.facebook.com\/flexispace.kraainem\/\"><span class=\"w-btn-label\">Follow us!<\/span><\/a><\/div><\/div><\/div><\/div><\/div><\/div><\/section><section class=\"l-section wpb_row flexi height_huge\"><div class=\"l-section-h i-cf\"><div class=\"g-cols vc_row via_flex valign_top type_default stacking_default\"><div class=\"vc_col-sm-12 wpb_column vc_column_container\"><div class=\"vc_column-inner\"><div class=\"wpb_wrapper\"><div class=\"g-cols wpb_row via_flex valign_middle type_boxes stacking_default\"><div class=\"vc_col-sm-6 wpb_column vc_column_container\"><div class=\"vc_column-inner\"><div class=\"wpb_wrapper\"><div class=\"wpb_text_column text-center\"><div class=\"wpb_wrapper\"><h2>Location<\/h2>\n<\/div><\/div><div class=\"w-separator us_custom_4be0c892 has_text_color size_small with_line width_default thick_1 style_solid color_border align_center\"><div class=\"w-separator-h\"><\/div><\/div><div class=\"wpb_text_column text-justify\"><div class=\"wpb_wrapper\"><p>Located at the entry of the for\u00eat de Soignes, at the strategic point of Quatre Bras de Tervuren, the FLEXI SPACE offers you equipped offices in an ideal workspace. A direct access at the Ring will lead you towards the national airport of Zaventem within 20 min. A connection with the tramway N 44 will lead you towards the centre of Brussels<\/p>\n<\/div><\/div><\/div><\/div><\/div><div class=\"vc_col-sm-6 wpb_column vc_column_container pd0\"><div class=\"vc_column-inner\"><div class=\"wpb_wrapper\"><div class=\"w-slider style_none fit_cover nav_none count_4\"><div class=\"w-slider-h\" aria-hidden=\"true\"><div class=\"royalSlider\"><div class=\"rsContent\"><a class=\"rsImg\" data-rsw=\"660\" data-rsh=\"490\" href=\"https:\/\/crossroadslocations.be\/wp-content\/uploads\/2017\/12\/situtation-04.jpg\"><span data-alt=\"\"><\/span><\/a><\/div><div class=\"rsContent\"><a class=\"rsImg\" data-rsw=\"660\" data-rsh=\"490\" href=\"https:\/\/crossroadslocations.be\/wp-content\/uploads\/2017\/12\/situtation-02.jpg\"><span data-alt=\"\"><\/span><\/a><\/div><div class=\"rsContent\"><a class=\"rsImg\" data-rsw=\"660\" data-rsh=\"490\" href=\"https:\/\/crossroadslocations.be\/wp-content\/uploads\/2017\/12\/situtation-03.jpg\"><span data-alt=\"\"><\/span><\/a><\/div><div class=\"rsContent\"><a class=\"rsImg\" data-rsw=\"660\" data-rsh=\"490\" href=\"https:\/\/crossroadslocations.be\/wp-content\/uploads\/2017\/12\/situtation-05.jpg\"><span data-alt=\"\"><\/span><\/a><\/div><\/div><img decoding=\"async\" src=\"https:\/\/crossroadslocations.be\/wp-content\/uploads\/2017\/12\/situtation-04.jpg\" width=\"660\" height=\"490\" alt loading=\"lazy\"><\/div><div class=\"w-slider-json\" onclick='return {&quot;autoScaleSlider&quot;:true,&quot;addActiveClass&quot;:true,&quot;loop&quot;:true,&quot;fadeInLoadedSlide&quot;:false,&quot;slidesSpacing&quot;:0,&quot;imageScalePadding&quot;:0,&quot;numImagesToPreload&quot;:2,&quot;arrowsNav&quot;:true,&quot;arrowsNavAutoHide&quot;:false,&quot;transitionType&quot;:&quot;move&quot;,&quot;transitionSpeed&quot;:250,&quot;block&quot;:{&quot;moveEffect&quot;:&quot;none&quot;,&quot;speed&quot;:300},&quot;thumbs&quot;:{&quot;fitInViewport&quot;:false,&quot;firstMargin&quot;:false,&quot;spacing&quot;:4},&quot;controlNavigation&quot;:&quot;none&quot;,&quot;autoScaleSliderWidth&quot;:660,&quot;autoScaleSliderHeight&quot;:490}'><\/div><\/div><\/div><\/div><\/div><\/div><div class=\"g-cols wpb_row reorder via_flex valign_middle type_boxes stacking_default\"><div class=\"vc_col-sm-6 wpb_column vc_column_container pd0\"><div class=\"vc_column-inner\"><div class=\"wpb_wrapper\"><div class=\"w-slider style_none fit_cover nav_none count_1\"><div class=\"w-slider-h\" aria-hidden=\"true\"><div class=\"royalSlider\"><div class=\"rsContent\"><a class=\"rsImg\" data-rsw=\"660\" data-rsh=\"490\" href=\"https:\/\/crossroadslocations.be\/wp-content\/uploads\/2017\/12\/Bureaux-02.jpg\"><span data-alt=\"\"><\/span><\/a><\/div><\/div><img decoding=\"async\" src=\"https:\/\/crossroadslocations.be\/wp-content\/uploads\/2017\/12\/Bureaux-02.jpg\" width=\"660\" height=\"490\" alt loading=\"lazy\"><\/div><div class=\"w-slider-json\" onclick='return {&quot;autoScaleSlider&quot;:true,&quot;addActiveClass&quot;:true,&quot;loop&quot;:true,&quot;fadeInLoadedSlide&quot;:false,&quot;slidesSpacing&quot;:0,&quot;imageScalePadding&quot;:0,&quot;numImagesToPreload&quot;:2,&quot;arrowsNav&quot;:true,&quot;arrowsNavAutoHide&quot;:false,&quot;transitionType&quot;:&quot;move&quot;,&quot;transitionSpeed&quot;:250,&quot;block&quot;:{&quot;moveEffect&quot;:&quot;none&quot;,&quot;speed&quot;:300},&quot;thumbs&quot;:{&quot;fitInViewport&quot;:false,&quot;firstMargin&quot;:false,&quot;spacing&quot;:4},&quot;controlNavigation&quot;:&quot;none&quot;,&quot;autoScaleSliderWidth&quot;:660,&quot;autoScaleSliderHeight&quot;:490}'><\/div><\/div><\/div><\/div><\/div><div class=\"vc_col-sm-6 wpb_column vc_column_container\"><div class=\"vc_column-inner\"><div class=\"wpb_wrapper\"><div class=\"wpb_text_column text-center\"><div class=\"wpb_wrapper\"><h2>Offices<\/h2>\n<\/div><\/div><div class=\"w-separator us_custom_4be0c892 has_text_color size_small with_line width_default thick_1 style_solid color_border align_center\"><div class=\"w-separator-h\"><\/div><\/div><div class=\"wpb_text_column text-justify\"><div class=\"wpb_wrapper\"><p>Within a surface of more than 1 300m \u00b2, 21 equipped offices are at your disposal on the FLEXI SPACE.<\/p>\n<p>Our furniture and supplies are minutely chosen in spaces tailored for a perfect harmony.<\/p>\n<p>All of our offices are equipped with air-conditioning and with the WIFI. Our kitchens have a space of meeting, microwaves, coffee, tea and will waters.<\/p>\n<\/div><\/div><\/div><\/div><\/div><\/div><div class=\"g-cols wpb_row via_flex valign_middle type_boxes stacking_default\"><div class=\"vc_col-sm-6 wpb_column vc_column_container\"><div class=\"vc_column-inner\"><div class=\"wpb_wrapper\"><div class=\"wpb_text_column text-center\"><div class=\"wpb_wrapper\"><h2>Meeting Rooms<\/h2>\n<\/div><\/div><div class=\"w-separator us_custom_4be0c892 has_text_color size_small with_line width_default thick_1 style_solid color_border align_center\"><div class=\"w-separator-h\"><\/div><\/div><div class=\"wpb_text_column us_custom_33c3a0a5 text-justify\"><div class=\"wpb_wrapper\"><p>Our meeting rooms are designed with a modern and professional media equipment.<\/p>\n<\/div><\/div><div class=\"w-btn-wrapper align_center\"><a class=\"w-btn us-btn-style_1 us_custom_3000a3fb\" target=\"_blank\" rel=\"nofollow\" href=\"https:\/\/outlook.office365.com\/calendar\/published\/a23070c8d5244db2a681fe35a9cddcd9@flexi[\u2026]6b1540f08d8bd1f05092dfd116421653977320992586\/calendar.html\"><span class=\"w-btn-label\">Consult Agenda<\/span><\/a><\/div><div class=\"w-btn-wrapper align_center\"><a class=\"w-btn us-btn-style_1 us_custom_67a51b40\" target=\"_blank\" rel=\"nofollow\" href=\"https:\/\/forms.office.com\/Pages\/ResponsePage.aspx?id=wwQz1gorwUah-zdnt2OyxThSw33kcCpHhZClKY5V7M9UN0NVQ1g0RDgxU0pBMFFNREE5WUxHQVBHTC4u\"><span class=\"w-btn-label\">Add a booking<\/span><\/a><\/div><div class=\"w-btn-wrapper align_center\"><a class=\"w-btn us-btn-style_1 us_custom_3000a3fb\" target=\"_blank\" rel=\"nofollow\" href=\"https:\/\/crossroadslocations.be\/en\/meeting-conference-rooms\/\"><span class=\"w-btn-label\">Meeting rooms<\/span><\/a><\/div><\/div><\/div><\/div><div class=\"vc_col-sm-6 wpb_column vc_column_container pd0\"><div class=\"vc_column-inner\"><div class=\"wpb_wrapper\"><div class=\"w-slider style_none fit_cover nav_none count_4\"><div class=\"w-slider-h\" aria-hidden=\"true\"><div class=\"royalSlider\"><div class=\"rsContent\"><a class=\"rsImg\" data-rsw=\"660\" data-rsh=\"490\" href=\"https:\/\/crossroadslocations.be\/wp-content\/uploads\/2017\/12\/salle-01.jpg\"><span data-alt=\"\"><\/span><\/a><\/div><div class=\"rsContent\"><a class=\"rsImg\" data-rsw=\"660\" data-rsh=\"490\" href=\"https:\/\/crossroadslocations.be\/wp-content\/uploads\/2017\/12\/salle-02.jpg\"><span data-alt=\"\"><\/span><\/a><\/div><div class=\"rsContent\"><a class=\"rsImg\" data-rsw=\"660\" data-rsh=\"490\" href=\"https:\/\/crossroadslocations.be\/wp-content\/uploads\/2017\/12\/salle-03.jpg\"><span data-alt=\"\"><\/span><\/a><\/div><div class=\"rsContent\"><a class=\"rsImg\" data-rsw=\"660\" data-rsh=\"490\" href=\"https:\/\/crossroadslocations.be\/wp-content\/uploads\/2017\/12\/salle-04.jpg\"><span data-alt=\"\"><\/span><\/a><\/div><\/div><img decoding=\"async\" src=\"https:\/\/crossroadslocations.be\/wp-content\/uploads\/2017\/12\/salle-01.jpg\" width=\"660\" height=\"490\" alt loading=\"lazy\"><\/div><div class=\"w-slider-json\" onclick='return {&quot;autoScaleSlider&quot;:true,&quot;addActiveClass&quot;:true,&quot;loop&quot;:true,&quot;fadeInLoadedSlide&quot;:false,&quot;slidesSpacing&quot;:0,&quot;imageScalePadding&quot;:0,&quot;numImagesToPreload&quot;:2,&quot;arrowsNav&quot;:true,&quot;arrowsNavAutoHide&quot;:false,&quot;transitionType&quot;:&quot;move&quot;,&quot;transitionSpeed&quot;:250,&quot;block&quot;:{&quot;moveEffect&quot;:&quot;none&quot;,&quot;speed&quot;:300},&quot;thumbs&quot;:{&quot;fitInViewport&quot;:false,&quot;firstMargin&quot;:false,&quot;spacing&quot;:4},&quot;controlNavigation&quot;:&quot;none&quot;,&quot;autoScaleSliderWidth&quot;:660,&quot;autoScaleSliderHeight&quot;:490}'><\/div><\/div><\/div><\/div><\/div><\/div><div class=\"g-cols wpb_row reorder via_flex valign_middle type_boxes stacking_default\"><div class=\"vc_col-sm-6 wpb_column vc_column_container pd0\"><div class=\"vc_column-inner\"><div class=\"wpb_wrapper\"><div class=\"w-slider style_none fit_cover nav_none count_2\"><div class=\"w-slider-h\" aria-hidden=\"true\"><div class=\"royalSlider\"><div class=\"rsContent\"><a class=\"rsImg\" data-rsw=\"660\" data-rsh=\"490\" href=\"https:\/\/crossroadslocations.be\/wp-content\/uploads\/2017\/12\/situtation-02.jpg\"><span data-alt=\"\"><\/span><\/a><\/div><div class=\"rsContent\"><a class=\"rsImg\" data-rsw=\"660\" data-rsh=\"490\" href=\"https:\/\/crossroadslocations.be\/wp-content\/uploads\/2017\/12\/situtation-01.jpg\"><span data-alt=\"\"><\/span><\/a><\/div><\/div><img decoding=\"async\" src=\"https:\/\/crossroadslocations.be\/wp-content\/uploads\/2017\/12\/situtation-02.jpg\" width=\"660\" height=\"490\" alt loading=\"lazy\"><\/div><div class=\"w-slider-json\" onclick='return {&quot;autoScaleSlider&quot;:true,&quot;addActiveClass&quot;:true,&quot;loop&quot;:true,&quot;fadeInLoadedSlide&quot;:false,&quot;slidesSpacing&quot;:0,&quot;imageScalePadding&quot;:0,&quot;numImagesToPreload&quot;:2,&quot;arrowsNav&quot;:true,&quot;arrowsNavAutoHide&quot;:false,&quot;transitionType&quot;:&quot;move&quot;,&quot;transitionSpeed&quot;:250,&quot;block&quot;:{&quot;moveEffect&quot;:&quot;none&quot;,&quot;speed&quot;:300},&quot;thumbs&quot;:{&quot;fitInViewport&quot;:false,&quot;firstMargin&quot;:false,&quot;spacing&quot;:4},&quot;controlNavigation&quot;:&quot;none&quot;,&quot;autoScaleSliderWidth&quot;:660,&quot;autoScaleSliderHeight&quot;:490}'><\/div><\/div><\/div><\/div><\/div><div class=\"vc_col-sm-6 wpb_column vc_column_container\"><div class=\"vc_column-inner us_custom_af6a9b6a\"><div class=\"wpb_wrapper\"><div class=\"wpb_text_column text-center\"><div class=\"wpb_wrapper\"><h2>And many more\u2026<\/h2>\n<\/div><\/div><div class=\"w-separator us_custom_4be0c892 has_text_color size_small with_line width_default thick_1 style_solid color_border align_center\"><div class=\"w-separator-h\"><\/div><\/div><div class=\"wpb_text_column text-justify\"><div class=\"wpb_wrapper\"><ul>\n<li><span lang=\"EN-US\">Charging point for electric vehicles<u><\/u><u><\/u><\/span><\/li>\n<li><span lang=\"EN-US\">Showers<u><\/u><u><\/u><\/span><\/li>\n<li><span lang=\"EN-US\">Wooded and landscaped park<u><\/u><u><\/u><\/span><\/li>\n<li><span lang=\"EN-US\">A third floor added recently (2019) (Floor 1-10-11)<u><\/u><u><\/u><\/span><\/li>\n<li><span lang=\"EN-US\">Rooftop Terrace <u><\/u><u><\/u><\/span><\/li>\n<li><span lang=\"EN-US\">Eco-Responsible (waste sorting, etc)<\/span><\/li>\n<\/ul>\n<\/div><\/div><\/div><\/div><\/div><\/div><\/div><\/div><\/div><\/div><\/div><\/section><section class=\"l-section wpb_row us_custom_ebe6cd7f has_text_color height_large\"><div class=\"l-section-h i-cf\"><div class=\"g-cols vc_row via_flex valign_middle type_default stacking_default\"><div class=\"vc_col-sm-3 wpb_column vc_column_container\"><div class=\"vc_column-inner\"><div class=\"wpb_wrapper\"><div class=\"w-image align_center\"><div class=\"w-image-h\"><img decoding=\"async\" width=\"120\" height=\"71\" src=\"https:\/\/crossroadslocations.be\/wp-content\/uploads\/2017\/12\/easyday.jpg\" class=\"attachment-full size-full\" alt=\"\" loading=\"lazy\" \/><\/div><\/div><\/div><\/div><\/div><div class=\"vc_col-sm-6 wpb_column vc_column_container\"><div class=\"vc_column-inner\"><div class=\"wpb_wrapper\"><div class=\"wpb_text_column text-center cta\"><div class=\"wpb_wrapper\"><p class=\"bigger-cta\">Day-to-day services where you live and work.<\/p>\n<p>Discover and order the EasyDay services available on the site of 4 armen building<\/p>\n<\/div><\/div><\/div><\/div><\/div><div class=\"vc_col-sm-3 wpb_column vc_column_container\"><div class=\"vc_column-inner\"><div class=\"wpb_wrapper\"><div class=\"w-btn-wrapper align_center\"><a class=\"w-btn us-btn-style_3 us_custom_80a192e9\" target=\" _blank\" rel=\"nofollow\" href=\"https:\/\/www.easyday.be\/priv\/index.php?applywebcustomtemplate=29&amp;zonePublicCode=CR4ARMEN&amp;changelg=en\"><span class=\"w-btn-label\">Learn more<\/span><\/a><\/div><\/div><\/div><\/div><\/div><\/div><\/section><section class=\"l-section wpb_row height_auto width_full\"><div class=\"l-section-h i-cf\"><div class=\"g-cols vc_row via_flex valign_top type_default stacking_default\"><div class=\"vc_col-sm-12 wpb_column vc_column_container\"><div class=\"vc_column-inner\"><div class=\"wpb_wrapper\"><div class=\"w-tabs layout_hor style_modern switch_click has_scrolling\" style=\"--sections-title-size:1em\"><div class=\"w-tabs-list items_1 align_justify\"><div class=\"w-tabs-list-h\"><button class=\"w-tabs-item active\" aria-controls=\"content-t3a3\" aria-expanded=\"false\"><span class=\"w-tabs-item-title\">Flexi-Space<\/span><\/button><\/div><\/div><div class=\"w-tabs-sections titles-align_none icon_chevron cpos_right\"><div class=\"w-tabs-section no_indents active\" id=\"t3a3\"><button class=\"w-tabs-section-header active\" aria-controls=\"content-t3a3\" aria-expanded=\"true\"><div class=\"w-tabs-section-title\">Flexi-Space<\/div><div class=\"w-tabs-section-control\"><\/div><\/button><div  class=\"w-tabs-section-content\" id=\"content-t3a3\"><div class=\"w-tabs-section-content-h i-cf\"><div class=\"w-map provider_google\" id=\"us_map_1\"><div class=\"w-map-inner\"><div class=\"w-map-json\" onclick='return {&quot;address&quot;:&quot;Steenweg op Mechelen 455 bte 2, 1950 Kraainem&quot;,&quot;disableDragging&quot;:0,&quot;disableZoom&quot;:0,&quot;hideControls&quot;:0,&quot;zoom&quot;:12,&quot;markers&quot;:[{&quot;address&quot;:&quot;Steenweg op Mechelen 455 bte 2, 1950 Kraainem&quot;,&quot;html&quot;:&quot;&lt;b&gt;Flexi Space&lt;\\\/b&gt;&lt;br&gt;\\nSteenweg op Mechelen 455 bte 2, 1950 Kraainem&quot;,&quot;infowindow&quot;:0}],&quot;icon&quot;:{&quot;url&quot;:&quot;https:\\\/\\\/crossroadslocations.be\\\/wp-content\\\/uploads\\\/2017\\\/12\\\/flexi-space-1.png&quot;,&quot;size&quot;:[40,40]},&quot;maptype&quot;:&quot;ROADMAP&quot;}'><\/div><\/div><\/div><\/div><\/div><\/div><\/div><\/div><\/div><\/div><\/div><\/div><\/div><\/section>\n","protected":false},"excerpt":{"rendered":"FLEXI SPACE Follow us on Facebook! Follow us!Location Located at the entry of the for\u00eat de Soignes, at the strategic point of Quatre Bras de Tervuren, the FLEXI SPACE offers you equipped offices in an ideal workspace. A direct access at the Ring will lead you towards the national airport of Zaventem within 20 min....","protected":false},"author":1,"featured_media":0,"parent":0,"menu_order":0,"comment_status":"closed","ping_status":"closed","template":"","meta":{"_acf_changed":false,"_exactmetrics_skip_tracking":false,"_exactmetrics_sitenote_active":false,"_exactmetrics_sitenote_note":"","_exactmetrics_sitenote_category":0,"footnotes":""},"class_list":["post-2336","page","type-page","status-publish","hentry"],"acf":[],"yoast_head":"<!-- This site is optimized with the Yoast SEO plugin v27.0 - https:\/\/yoast.com\/product\/yoast-seo-wordpress\/ -->\n<title>Flexi Space - Crossroadlocations<\/title>\n<meta name=\"description\" content=\"Situ\u00e9 \u00e0 l\u2019entr\u00e9e de la for\u00eat de Soignes, au point strat\u00e9gique des Quatre Bras de Tervuren, le FLEXI SPACE vous offre des bureaux \u00e9quip\u00e9s dans un espace de travail id\u00e9al.\" \/>\n<meta name=\"robots\" content=\"index, follow, max-snippet:-1, max-image-preview:large, max-video-preview:-1\" \/>\n<link rel=\"canonical\" href=\"https:\/\/crossroadslocations.be\/en\/flexi-space\/\" \/>\n<meta property=\"og:locale\" content=\"en_US\" \/>\n<meta property=\"og:type\" content=\"article\" \/>\n<meta property=\"og:title\" content=\"Flexi Space - Crossroadlocations\" \/>\n<meta property=\"og:description\" content=\"Situ\u00e9 \u00e0 l\u2019entr\u00e9e de la for\u00eat de Soignes, au point strat\u00e9gique des Quatre Bras de Tervuren, le FLEXI SPACE vous offre des bureaux \u00e9quip\u00e9s dans un espace de travail id\u00e9al.\" \/>\n<meta property=\"og:url\" content=\"https:\/\/crossroadslocations.be\/en\/flexi-space\/\" \/>\n<meta property=\"og:site_name\" content=\"Crossroadlocations\" \/>\n<meta property=\"article:modified_time\" content=\"2022-06-17T13:23:32+00:00\" \/>\n<meta name=\"twitter:card\" content=\"summary_large_image\" \/>\n<meta name=\"twitter:label1\" content=\"Est. reading time\" \/>\n\t<meta name=\"twitter:data1\" content=\"2 minutes\" \/>\n<script type=\"application\/ld+json\" class=\"yoast-schema-graph\">{\"@context\":\"https:\/\/schema.org\",\"@graph\":[{\"@type\":\"WebPage\",\"@id\":\"https:\/\/crossroadslocations.be\/en\/flexi-space\/\",\"url\":\"https:\/\/crossroadslocations.be\/en\/flexi-space\/\",\"name\":\"Flexi Space - Crossroadlocations\",\"isPartOf\":{\"@id\":\"https:\/\/crossroadslocations.be\/#website\"},\"datePublished\":\"2017-12-06T15:11:10+00:00\",\"dateModified\":\"2022-06-17T13:23:32+00:00\",\"description\":\"Situ\u00e9 \u00e0 l\u2019entr\u00e9e de la for\u00eat de Soignes, au point strat\u00e9gique des Quatre Bras de Tervuren, le FLEXI SPACE vous offre des bureaux \u00e9quip\u00e9s dans un espace de travail id\u00e9al.\",\"breadcrumb\":{\"@id\":\"https:\/\/crossroadslocations.be\/en\/flexi-space\/#breadcrumb\"},\"inLanguage\":\"en-US\",\"potentialAction\":[{\"@type\":\"ReadAction\",\"target\":[\"https:\/\/crossroadslocations.be\/en\/flexi-space\/\"]}]},{\"@type\":\"BreadcrumbList\",\"@id\":\"https:\/\/crossroadslocations.be\/en\/flexi-space\/#breadcrumb\",\"itemListElement\":[{\"@type\":\"ListItem\",\"position\":1,\"name\":\"Home\",\"item\":\"https:\/\/crossroadslocations.be\/en\/\"},{\"@type\":\"ListItem\",\"position\":2,\"name\":\"Flexi Space\"}]},{\"@type\":\"WebSite\",\"@id\":\"https:\/\/crossroadslocations.be\/#website\",\"url\":\"https:\/\/crossroadslocations.be\/\",\"name\":\"Crossroadlocations\",\"description\":\"Louer un lieu au coeur de vos envies\",\"potentialAction\":[{\"@type\":\"SearchAction\",\"target\":{\"@type\":\"EntryPoint\",\"urlTemplate\":\"https:\/\/crossroadslocations.be\/?s={search_term_string}\"},\"query-input\":{\"@type\":\"PropertyValueSpecification\",\"valueRequired\":true,\"valueName\":\"search_term_string\"}}],\"inLanguage\":\"en-US\"}]}<\/script>\n<!-- \/ Yoast SEO plugin. -->","yoast_head_json":{"title":"Flexi Space - Crossroadlocations","description":"Situ\u00e9 \u00e0 l\u2019entr\u00e9e de la for\u00eat de Soignes, au point strat\u00e9gique des Quatre Bras de Tervuren, le FLEXI SPACE vous offre des bureaux \u00e9quip\u00e9s dans un espace de travail id\u00e9al.","robots":{"index":"index","follow":"follow","max-snippet":"max-snippet:-1","max-image-preview":"max-image-preview:large","max-video-preview":"max-video-preview:-1"},"canonical":"https:\/\/crossroadslocations.be\/en\/flexi-space\/","og_locale":"en_US","og_type":"article","og_title":"Flexi Space - Crossroadlocations","og_description":"Situ\u00e9 \u00e0 l\u2019entr\u00e9e de la for\u00eat de Soignes, au point strat\u00e9gique des Quatre Bras de Tervuren, le FLEXI SPACE vous offre des bureaux \u00e9quip\u00e9s dans un espace de travail id\u00e9al.","og_url":"https:\/\/crossroadslocations.be\/en\/flexi-space\/","og_site_name":"Crossroadlocations","article_modified_time":"2022-06-17T13:23:32+00:00","twitter_card":"summary_large_image","twitter_misc":{"Est. reading time":"2 minutes"},"schema":{"@context":"https:\/\/schema.org","@graph":[{"@type":"WebPage","@id":"https:\/\/crossroadslocations.be\/en\/flexi-space\/","url":"https:\/\/crossroadslocations.be\/en\/flexi-space\/","name":"Flexi Space - Crossroadlocations","isPartOf":{"@id":"https:\/\/crossroadslocations.be\/#website"},"datePublished":"2017-12-06T15:11:10+00:00","dateModified":"2022-06-17T13:23:32+00:00","description":"Situ\u00e9 \u00e0 l\u2019entr\u00e9e de la for\u00eat de Soignes, au point strat\u00e9gique des Quatre Bras de Tervuren, le FLEXI SPACE vous offre des bureaux \u00e9quip\u00e9s dans un espace de travail id\u00e9al.","breadcrumb":{"@id":"https:\/\/crossroadslocations.be\/en\/flexi-space\/#breadcrumb"},"inLanguage":"en-US","potentialAction":[{"@type":"ReadAction","target":["https:\/\/crossroadslocations.be\/en\/flexi-space\/"]}]},{"@type":"BreadcrumbList","@id":"https:\/\/crossroadslocations.be\/en\/flexi-space\/#breadcrumb","itemListElement":[{"@type":"ListItem","position":1,"name":"Home","item":"https:\/\/crossroadslocations.be\/en\/"},{"@type":"ListItem","position":2,"name":"Flexi Space"}]},{"@type":"WebSite","@id":"https:\/\/crossroadslocations.be\/#website","url":"https:\/\/crossroadslocations.be\/","name":"Crossroadlocations","description":"Louer un lieu au coeur de vos envies","potentialAction":[{"@type":"SearchAction","target":{"@type":"EntryPoint","urlTemplate":"https:\/\/crossroadslocations.be\/?s={search_term_string}"},"query-input":{"@type":"PropertyValueSpecification","valueRequired":true,"valueName":"search_term_string"}}],"inLanguage":"en-US"}]}},"_links":{"self":[{"href":"https:\/\/crossroadslocations.be\/en\/wp-json\/wp\/v2\/pages\/2336","targetHints":{"allow":["GET"]}}],"collection":[{"href":"https:\/\/crossroadslocations.be\/en\/wp-json\/wp\/v2\/pages"}],"about":[{"href":"https:\/\/crossroadslocations.be\/en\/wp-json\/wp\/v2\/types\/page"}],"author":[{"embeddable":true,"href":"https:\/\/crossroadslocations.be\/en\/wp-json\/wp\/v2\/users\/1"}],"replies":[{"embeddable":true,"href":"https:\/\/crossroadslocations.be\/en\/wp-json\/wp\/v2\/comments?post=2336"}],"version-history":[{"count":6,"href":"https:\/\/crossroadslocations.be\/en\/wp-json\/wp\/v2\/pages\/2336\/revisions"}],"predecessor-version":[{"id":2380,"href":"https:\/\/crossroadslocations.be\/en\/wp-json\/wp\/v2\/pages\/2336\/revisions\/2380"}],"wp:attachment":[{"href":"https:\/\/crossroadslocations.be\/en\/wp-json\/wp\/v2\/media?parent=2336"}],"curies":[{"name":"wp","href":"https:\/\/api.w.org\/{rel}","templated":true}]}}