{"id":556,"date":"2017-12-06T17:10:23","date_gmt":"2017-12-06T17:10:23","guid":{"rendered":"http:\/\/crossroadslocations.be\/rooftop-terrace-event\/"},"modified":"2021-08-17T09:19:47","modified_gmt":"2021-08-17T09:19:47","slug":"rooftop-terrace-event","status":"publish","type":"page","link":"https:\/\/crossroadslocations.be\/nl\/rooftop-terrace-event\/","title":{"rendered":"Rooftop terrace"},"content":{"rendered":"<section class=\"l-section wpb_row us_custom_6df4bc3a has_text_color height_huge with_img\"><div class=\"l-section-img\" role=\"img\" aria-label=\"Afbeelding\" data-img-width=\"1920\" data-img-height=\"638\" style=\"background-image: url(https:\/\/crossroadslocations.be\/wp-content\/uploads\/2021\/08\/rooftop_header.png);background-position: bottom center;background-repeat: no-repeat;\"><\/div><div class=\"l-section-h i-cf\"><div class=\"g-cols vc_row via_flex valign_top type_default stacking_default\"><div class=\"vc_col-sm-12 wpb_column vc_column_container\"><div class=\"vc_column-inner\"><div class=\"wpb_wrapper\"><div class=\"wpb_text_column text-center\"><div class=\"wpb_wrapper\"><h1>ROOFTOP TERRACE<\/h1>\n<\/div><\/div><\/div><\/div><\/div><\/div><\/div><\/section><section class=\"l-section wpb_row height_large\"><div class=\"l-section-h i-cf\"><div class=\"g-cols vc_row via_flex valign_top type_default stacking_default\"><div class=\"vc_col-sm-12 wpb_column vc_column_container\"><div class=\"vc_column-inner\"><div class=\"wpb_wrapper\"><div class=\"g-cols wpb_row via_flex valign_middle type_boxes stacking_default\"><div class=\"vc_col-sm-6 wpb_column vc_column_container\"><div class=\"vc_column-inner\"><div class=\"wpb_wrapper\"><div class=\"wpb_text_column text-center\"><div class=\"wpb_wrapper\"><h2>Rooftop Terrace<\/h2>\n<\/div><\/div><div class=\"w-separator us_custom_4be0c892 has_text_color size_small with_line width_default thick_1 style_solid color_border align_center\"><div class=\"w-separator-h\"><\/div><\/div><div class=\"wpb_text_column text-center\"><div class=\"wpb_wrapper\"><p>&#8211; Apero<br \/>\n&#8211; Walking Dinner<br \/>\n&#8211; Event<br \/>\n&#8211; Afterwork<br \/>\n&#8211; Birthday<br \/>\n&#8211; Panoramic view<\/p>\n<\/div><\/div><div class=\"w-separator us_custom_4be0c892 has_text_color size_small with_line width_default thick_1 style_solid color_border align_center\"><div class=\"w-separator-h\"><\/div><\/div><div class=\"wpb_text_column text-center\"><div class=\"wpb_wrapper\"><h2>Powered by Soko Rooftop<\/h2>\n<\/div><\/div><div class=\"wpb_text_column text-center\"><div class=\"wpb_wrapper\"><p><a href=\"https:\/\/www.sokorooftop.be\/\">https:\/\/www.sokorooftop.be\/<\/a><\/p>\n<\/div><\/div><div class=\"w-socials us_custom_b2452879 text-center color_brand shape_rounded style_colored hover_fade\" style=\"--gap:5px;\"><div class=\"w-socials-list\"><div class=\"w-socials-item facebook\"><a target=\"_blank\" rel=\"nofollow\" href=\"https:\/\/www.facebook.com\/sokorooftop\" class=\"w-socials-item-link\" aria-label=\"Facebook\"><span class=\"w-socials-item-link-hover\"><\/span><i class=\"fab fa-facebook\"><\/i><\/a><div class=\"w-socials-item-popup\"><span>Facebook<\/span><\/div><\/div><div class=\"w-socials-item instagram\"><a target=\"_blank\" rel=\"nofollow\" href=\"https:\/\/www.instagram.com\/sokorooftop\" class=\"w-socials-item-link\" aria-label=\"Instagram\"><span class=\"w-socials-item-link-hover\"><\/span><i class=\"fab fa-instagram\"><\/i><\/a><div class=\"w-socials-item-popup\"><span>Instagram<\/span><\/div><\/div><\/div><\/div><\/div><\/div><\/div><div class=\"vc_col-sm-6 wpb_column vc_column_container pd0\"><div class=\"vc_column-inner\"><div class=\"wpb_wrapper\"><div class=\"w-slider style_none fit_contain nav_none count_4\"><div class=\"w-slider-h\" aria-hidden=\"true\"><div class=\"royalSlider\"><div class=\"rsContent\"><a class=\"rsImg\" data-rsw=\"1500\" data-rsh=\"1114\" href=\"https:\/\/crossroadslocations.be\/wp-content\/uploads\/2021\/08\/SOKO_1.jpg\"><span data-alt=\"\"><\/span><\/a><\/div><div class=\"rsContent\"><a class=\"rsImg\" data-rsw=\"750\" data-rsh=\"557\" href=\"https:\/\/crossroadslocations.be\/wp-content\/uploads\/2021\/08\/1O5A3112.jpg\"><span data-alt=\"\"><\/span><\/a><\/div><div class=\"rsContent\"><a class=\"rsImg\" data-rsw=\"750\" data-rsh=\"557\" href=\"https:\/\/crossroadslocations.be\/wp-content\/uploads\/2021\/08\/1O5A3123.jpg\"><span data-alt=\"\"><\/span><\/a><\/div><div class=\"rsContent\"><a class=\"rsImg\" data-rsw=\"750\" data-rsh=\"557\" href=\"https:\/\/crossroadslocations.be\/wp-content\/uploads\/2021\/08\/1O5A3179.jpg\"><span data-alt=\"\"><\/span><\/a><\/div><\/div><img decoding=\"async\" src=\"https:\/\/crossroadslocations.be\/wp-content\/uploads\/2021\/08\/SOKO_1.jpg\" width=\"1500\" height=\"1114\" alt loading=\"lazy\"><\/div><div class=\"w-slider-json\" onclick='return {&quot;autoScaleSlider&quot;:true,&quot;addActiveClass&quot;:true,&quot;loop&quot;:true,&quot;fadeInLoadedSlide&quot;:false,&quot;slidesSpacing&quot;:0,&quot;imageScalePadding&quot;:0,&quot;numImagesToPreload&quot;:2,&quot;arrowsNav&quot;:true,&quot;arrowsNavAutoHide&quot;:false,&quot;transitionType&quot;:&quot;move&quot;,&quot;transitionSpeed&quot;:250,&quot;block&quot;:{&quot;moveEffect&quot;:&quot;none&quot;,&quot;speed&quot;:300},&quot;thumbs&quot;:{&quot;fitInViewport&quot;:false,&quot;firstMargin&quot;:false,&quot;spacing&quot;:4},&quot;controlNavigation&quot;:&quot;none&quot;,&quot;autoScaleSliderWidth&quot;:1500,&quot;autoScaleSliderHeight&quot;:1114}'><\/div><\/div><\/div><\/div><\/div><\/div><\/div><\/div><\/div><\/div><\/div><\/section><section class=\"l-section wpb_row height_auto\"><div class=\"l-section-h i-cf\"><div class=\"g-cols vc_row via_flex valign_top type_default stacking_default\"><div class=\"vc_col-sm-12 wpb_column vc_column_container\"><div class=\"vc_column-inner\"><div class=\"wpb_wrapper\"><div class=\"wpb_text_column text-center\"><div class=\"wpb_wrapper\"><h2>Address<\/h2>\n<\/div><\/div><div class=\"w-separator us_custom_4be0c892 has_text_color size_small with_line width_default thick_1 style_solid color_border align_center\"><div class=\"w-separator-h\"><\/div><\/div><div class=\"w-iconbox us_custom_539f15ee iconpos_top style_default color_primary align_center no_title\"><div class=\"w-iconbox-icon\" style=\"font-size:20px;\"><i class=\"fas fa-map-pin\"><\/i><\/div><div class=\"w-iconbox-meta\"><div class=\"w-iconbox-text\"><p>Steenweg op Mechelen 455 \u00e0 1950 Kraainem<\/p>\n<\/div><\/div><\/div><div class=\"w-hwrapper valign_middle align_center\"><div class=\"w-btn-wrapper align_none\"><a class=\"w-btn us-btn-style_3\" href=\"https:\/\/forms.office.com\/Pages\/ResponsePage.aspx?id=wwQz1gorwUah-zdnt2OyxThSw33kcCpHhZClKY5V7M9UN0NVQ1g0RDgxU0pBMFFNREE5WUxHQVBHTC4u\"><span class=\"w-btn-label\">BOOK A MEETING ROOM<\/span><\/a><\/div><div class=\"w-btn-wrapper align_justify\"><a class=\"w-btn us-btn-style_3\" href=\"https:\/\/www.sokorooftop.be\/\"><span class=\"w-btn-label\">BOOK AN EVENT AT SOKO<\/span><\/a><\/div><\/div><\/div><\/div><\/div><\/div><\/div><\/section><section class=\"l-section wpb_row height_medium\"><div class=\"l-section-h i-cf\"><div class=\"g-cols vc_row via_flex valign_top type_default stacking_default\"><div class=\"vc_col-sm-12 wpb_column vc_column_container\"><div class=\"vc_column-inner\"><div class=\"wpb_wrapper\"><div class=\"wpb_text_column text-center\"><div class=\"wpb_wrapper\"><h2>Contact us<\/h2>\n<\/div><\/div><div class=\"w-separator us_custom_4be0c892 has_text_color size_small with_line width_default thick_1 style_solid color_border align_center\"><div class=\"w-separator-h\"><\/div><\/div><\/div><\/div><\/div><\/div><\/div><\/section><section class=\"l-section wpb_row height_auto width_full\"><div class=\"l-section-h i-cf\"><div class=\"g-cols vc_row via_flex valign_top type_default stacking_default\"><div class=\"vc_col-sm-12 wpb_column vc_column_container\"><div class=\"vc_column-inner\"><div class=\"wpb_wrapper\"><div class=\"w-tabs layout_hor style_modern switch_click has_scrolling\" style=\"--sections-title-size:1em\"><div class=\"w-tabs-list items_1 align_justify\"><div class=\"w-tabs-list-h\"><button class=\"w-tabs-item active\" aria-controls=\"content-jfc2\" aria-expanded=\"false\"><span class=\"w-tabs-item-title\">Rooftop terrace<\/span><\/button><\/div><\/div><div class=\"w-tabs-sections titles-align_none icon_chevron cpos_right\"><div class=\"w-tabs-section no_indents active\" id=\"jfc2\"><button class=\"w-tabs-section-header active\" aria-controls=\"content-jfc2\" aria-expanded=\"true\"><div class=\"w-tabs-section-title\">Rooftop terrace<\/div><div class=\"w-tabs-section-control\"><\/div><\/button><div  class=\"w-tabs-section-content\" id=\"content-jfc2\"><div class=\"w-tabs-section-content-h i-cf\"><div class=\"w-map provider_google\" id=\"us_map_1\"><div class=\"w-map-inner\"><div class=\"w-map-json\" onclick='return {&quot;address&quot;:&quot;Steenweg op Mechelen 455 bte 2, 1950 Kraainem&quot;,&quot;disableDragging&quot;:0,&quot;disableZoom&quot;:0,&quot;hideControls&quot;:0,&quot;zoom&quot;:12,&quot;markers&quot;:[{&quot;address&quot;:&quot;Steenweg op Mechelen 455 bte 2, 1950 Kraainem&quot;,&quot;html&quot;:&quot;&lt;b&gt;Rooftop terrace&lt;\\\/b&gt;&lt;br&gt;\\nSteenweg op Mechelen 455 bte 2, 1950 Kraainem&quot;,&quot;infowindow&quot;:0}],&quot;icon&quot;:{&quot;url&quot;:&quot;https:\\\/\\\/crossroadslocations.be\\\/wp-content\\\/uploads\\\/2017\\\/12\\\/pin-rooftop.png&quot;,&quot;size&quot;:[40,40]},&quot;maptype&quot;:&quot;ROADMAP&quot;}'><\/div><\/div><\/div><\/div><\/div><\/div><\/div><\/div><\/div><\/div><\/div><\/div><\/div><\/section>\n","protected":false},"excerpt":{"rendered":"ROOFTOP TERRACE Rooftop Terrace &#8211; Apero &#8211; Walking Dinner &#8211; Event &#8211; Afterwork &#8211; Birthday &#8211; Panoramic view Powered by Soko Rooftop https:\/\/www.sokorooftop.be\/ FacebookInstagramAddress Steenweg op Mechelen 455 \u00e0 1950 Kraainem BOOK A MEETING ROOMBOOK AN EVENT AT SOKOContact us Rooftop terraceRooftop terrace","protected":false},"author":1,"featured_media":0,"parent":0,"menu_order":0,"comment_status":"closed","ping_status":"closed","template":"","meta":{"_acf_changed":false,"_exactmetrics_skip_tracking":false,"_exactmetrics_sitenote_active":false,"_exactmetrics_sitenote_note":"","_exactmetrics_sitenote_category":0,"footnotes":""},"class_list":["post-556","page","type-page","status-publish","hentry"],"acf":[],"yoast_head":"<!-- This site is optimized with the Yoast SEO plugin v27.0 - https:\/\/yoast.com\/product\/yoast-seo-wordpress\/ -->\n<title>Terrasse sur toit \u00e0 Loyer | Locations de Terrasse - Crossroad Locations<\/title>\n<meta name=\"description\" content=\"Trouvez une terrasse sur un toit \u00e0 louer \u00e0 Bruxelles sur crossroadslocations.be. Nous proposons une terrasse sur un toit pour des \u00e9v\u00e9nements formels ou informels pour des occasions diverses. Rendez-nous visite pour plus de d\u00e9tails.\" \/>\n<meta name=\"robots\" content=\"index, follow, max-snippet:-1, max-image-preview:large, max-video-preview:-1\" \/>\n<link rel=\"canonical\" href=\"https:\/\/crossroadslocations.be\/nl\/rooftop-terrace-event\/\" \/>\n<meta property=\"og:locale\" content=\"nl_NL\" \/>\n<meta property=\"og:type\" content=\"article\" \/>\n<meta property=\"og:title\" content=\"Terrasse sur toit \u00e0 Loyer | Locations de Terrasse - Crossroad Locations\" \/>\n<meta property=\"og:description\" content=\"Trouvez une terrasse sur un toit \u00e0 louer \u00e0 Bruxelles sur crossroadslocations.be. Nous proposons une terrasse sur un toit pour des \u00e9v\u00e9nements formels ou informels pour des occasions diverses. Rendez-nous visite pour plus de d\u00e9tails.\" \/>\n<meta property=\"og:url\" content=\"https:\/\/crossroadslocations.be\/nl\/rooftop-terrace-event\/\" \/>\n<meta property=\"og:site_name\" content=\"Crossroadlocations\" \/>\n<meta property=\"article:modified_time\" content=\"2021-08-17T09:19:47+00:00\" \/>\n<meta name=\"twitter:card\" content=\"summary_large_image\" \/>\n<meta name=\"twitter:label1\" content=\"Geschatte leestijd\" \/>\n\t<meta name=\"twitter:data1\" content=\"1 minuut\" \/>\n<script type=\"application\/ld+json\" class=\"yoast-schema-graph\">{\"@context\":\"https:\/\/schema.org\",\"@graph\":[{\"@type\":\"WebPage\",\"@id\":\"https:\/\/crossroadslocations.be\/nl\/rooftop-terrace-event\/\",\"url\":\"https:\/\/crossroadslocations.be\/nl\/rooftop-terrace-event\/\",\"name\":\"Terrasse sur toit \u00e0 Loyer | Locations de Terrasse - Crossroad Locations\",\"isPartOf\":{\"@id\":\"https:\/\/crossroadslocations.be\/#website\"},\"datePublished\":\"2017-12-06T17:10:23+00:00\",\"dateModified\":\"2021-08-17T09:19:47+00:00\",\"description\":\"Trouvez une terrasse sur un toit \u00e0 louer \u00e0 Bruxelles sur crossroadslocations.be. Nous proposons une terrasse sur un toit pour des \u00e9v\u00e9nements formels ou informels pour des occasions diverses. Rendez-nous visite pour plus de d\u00e9tails.\",\"breadcrumb\":{\"@id\":\"https:\/\/crossroadslocations.be\/nl\/rooftop-terrace-event\/#breadcrumb\"},\"inLanguage\":\"nl-NL\",\"potentialAction\":[{\"@type\":\"ReadAction\",\"target\":[\"https:\/\/crossroadslocations.be\/nl\/rooftop-terrace-event\/\"]}]},{\"@type\":\"BreadcrumbList\",\"@id\":\"https:\/\/crossroadslocations.be\/nl\/rooftop-terrace-event\/#breadcrumb\",\"itemListElement\":[{\"@type\":\"ListItem\",\"position\":1,\"name\":\"Home\",\"item\":\"https:\/\/crossroadslocations.be\/nl\/\"},{\"@type\":\"ListItem\",\"position\":2,\"name\":\"Rooftop terrace\"}]},{\"@type\":\"WebSite\",\"@id\":\"https:\/\/crossroadslocations.be\/#website\",\"url\":\"https:\/\/crossroadslocations.be\/\",\"name\":\"Crossroadlocations\",\"description\":\"Louer un lieu au coeur de vos envies\",\"potentialAction\":[{\"@type\":\"SearchAction\",\"target\":{\"@type\":\"EntryPoint\",\"urlTemplate\":\"https:\/\/crossroadslocations.be\/?s={search_term_string}\"},\"query-input\":{\"@type\":\"PropertyValueSpecification\",\"valueRequired\":true,\"valueName\":\"search_term_string\"}}],\"inLanguage\":\"nl-NL\"}]}<\/script>\n<!-- \/ Yoast SEO plugin. -->","yoast_head_json":{"title":"Terrasse sur toit \u00e0 Loyer | Locations de Terrasse - Crossroad Locations","description":"Trouvez une terrasse sur un toit \u00e0 louer \u00e0 Bruxelles sur crossroadslocations.be. Nous proposons une terrasse sur un toit pour des \u00e9v\u00e9nements formels ou informels pour des occasions diverses. Rendez-nous visite pour plus de d\u00e9tails.","robots":{"index":"index","follow":"follow","max-snippet":"max-snippet:-1","max-image-preview":"max-image-preview:large","max-video-preview":"max-video-preview:-1"},"canonical":"https:\/\/crossroadslocations.be\/nl\/rooftop-terrace-event\/","og_locale":"nl_NL","og_type":"article","og_title":"Terrasse sur toit \u00e0 Loyer | Locations de Terrasse - Crossroad Locations","og_description":"Trouvez une terrasse sur un toit \u00e0 louer \u00e0 Bruxelles sur crossroadslocations.be. Nous proposons une terrasse sur un toit pour des \u00e9v\u00e9nements formels ou informels pour des occasions diverses. Rendez-nous visite pour plus de d\u00e9tails.","og_url":"https:\/\/crossroadslocations.be\/nl\/rooftop-terrace-event\/","og_site_name":"Crossroadlocations","article_modified_time":"2021-08-17T09:19:47+00:00","twitter_card":"summary_large_image","twitter_misc":{"Geschatte leestijd":"1 minuut"},"schema":{"@context":"https:\/\/schema.org","@graph":[{"@type":"WebPage","@id":"https:\/\/crossroadslocations.be\/nl\/rooftop-terrace-event\/","url":"https:\/\/crossroadslocations.be\/nl\/rooftop-terrace-event\/","name":"Terrasse sur toit \u00e0 Loyer | Locations de Terrasse - Crossroad Locations","isPartOf":{"@id":"https:\/\/crossroadslocations.be\/#website"},"datePublished":"2017-12-06T17:10:23+00:00","dateModified":"2021-08-17T09:19:47+00:00","description":"Trouvez une terrasse sur un toit \u00e0 louer \u00e0 Bruxelles sur crossroadslocations.be. Nous proposons une terrasse sur un toit pour des \u00e9v\u00e9nements formels ou informels pour des occasions diverses. Rendez-nous visite pour plus de d\u00e9tails.","breadcrumb":{"@id":"https:\/\/crossroadslocations.be\/nl\/rooftop-terrace-event\/#breadcrumb"},"inLanguage":"nl-NL","potentialAction":[{"@type":"ReadAction","target":["https:\/\/crossroadslocations.be\/nl\/rooftop-terrace-event\/"]}]},{"@type":"BreadcrumbList","@id":"https:\/\/crossroadslocations.be\/nl\/rooftop-terrace-event\/#breadcrumb","itemListElement":[{"@type":"ListItem","position":1,"name":"Home","item":"https:\/\/crossroadslocations.be\/nl\/"},{"@type":"ListItem","position":2,"name":"Rooftop terrace"}]},{"@type":"WebSite","@id":"https:\/\/crossroadslocations.be\/#website","url":"https:\/\/crossroadslocations.be\/","name":"Crossroadlocations","description":"Louer un lieu au coeur de vos envies","potentialAction":[{"@type":"SearchAction","target":{"@type":"EntryPoint","urlTemplate":"https:\/\/crossroadslocations.be\/?s={search_term_string}"},"query-input":{"@type":"PropertyValueSpecification","valueRequired":true,"valueName":"search_term_string"}}],"inLanguage":"nl-NL"}]}},"_links":{"self":[{"href":"https:\/\/crossroadslocations.be\/nl\/wp-json\/wp\/v2\/pages\/556","targetHints":{"allow":["GET"]}}],"collection":[{"href":"https:\/\/crossroadslocations.be\/nl\/wp-json\/wp\/v2\/pages"}],"about":[{"href":"https:\/\/crossroadslocations.be\/nl\/wp-json\/wp\/v2\/types\/page"}],"author":[{"embeddable":true,"href":"https:\/\/crossroadslocations.be\/nl\/wp-json\/wp\/v2\/users\/1"}],"replies":[{"embeddable":true,"href":"https:\/\/crossroadslocations.be\/nl\/wp-json\/wp\/v2\/comments?post=556"}],"version-history":[{"count":7,"href":"https:\/\/crossroadslocations.be\/nl\/wp-json\/wp\/v2\/pages\/556\/revisions"}],"predecessor-version":[{"id":2367,"href":"https:\/\/crossroadslocations.be\/nl\/wp-json\/wp\/v2\/pages\/556\/revisions\/2367"}],"wp:attachment":[{"href":"https:\/\/crossroadslocations.be\/nl\/wp-json\/wp\/v2\/media?parent=556"}],"curies":[{"name":"wp","href":"https:\/\/api.w.org\/{rel}","templated":true}]}}