{"id":566,"date":"2017-12-05T21:48:10","date_gmt":"2017-12-05T21:48:10","guid":{"rendered":"http:\/\/crossroadslocations.be\/contact\/"},"modified":"2020-09-17T12:31:08","modified_gmt":"2020-09-17T12:31:08","slug":"contact","status":"publish","type":"page","link":"https:\/\/crossroadslocations.be\/nl\/contact\/","title":{"rendered":"Contact"},"content":{"rendered":"<section class=\"l-section wpb_row us_custom_6df4bc3a has_text_color height_huge with_img\"><div class=\"l-section-img\" role=\"img\" aria-label=\"Afbeelding\" data-img-width=\"1920\" data-img-height=\"638\" style=\"background-image: url(https:\/\/crossroadslocations.be\/wp-content\/uploads\/2017\/12\/contact_header.jpg);background-repeat: no-repeat;\"><\/div><div class=\"l-section-h i-cf\"><div class=\"g-cols vc_row via_flex valign_top type_default stacking_default\"><div class=\"vc_col-sm-12 wpb_column vc_column_container\"><div class=\"vc_column-inner\"><div class=\"wpb_wrapper\"><div class=\"wpb_text_column text-center\"><div class=\"wpb_wrapper\"><h1>CONTACT<\/h1>\n<\/div><\/div><\/div><\/div><\/div><\/div><\/div><\/section><section class=\"l-section wpb_row contact height_huge\"><div class=\"l-section-h i-cf\"><div class=\"g-cols vc_row via_flex valign_top type_default stacking_default\"><div class=\"vc_col-sm-6 wpb_column vc_column_container ctct-l\"><div class=\"vc_column-inner\"><div class=\"wpb_wrapper\"><div class=\"wpb_text_column text-justify\"><div class=\"wpb_wrapper\"><h2>Contact<\/h2>\n<p>De SEM-gebouwen worden beheerd door het bedrijf Cogerimo, een management- en truststructuur die is gecre\u00eberd voor het beheer van het familiaal patrimonium.<\/p>\n<\/div><\/div><div class=\"g-cols wpb_row via_flex valign_top type_default stacking_default\"><div class=\"vc_col-sm-6 wpb_column vc_column_container\"><div class=\"vc_column-inner\"><div class=\"wpb_wrapper\"><div class=\"wpb_text_column\"><div class=\"wpb_wrapper\"><h3>Contact Cogerimo<\/h3>\n<p>Rue Joseph Stevens, 7<br \/>\n1000 Bruxelles<br \/>\nChristine Flion, Directeur G\u00e9n\u00e9ral<br \/>\n<strong>Tel.<\/strong> <a href=\"tel:003225134568\">+32 2 513 45 68<\/a><br \/>\n<strong>Mail:<\/strong> <a href=\"mailto:info@cogerimo.be\">info@cogerimo.be<\/a><\/p>\n<\/div><\/div><\/div><\/div><\/div><div class=\"vc_col-sm-6 wpb_column vc_column_container\"><div class=\"vc_column-inner\"><div class=\"wpb_wrapper\"><div class=\"wpb_text_column\"><div class=\"wpb_wrapper\"><h3>Contact Flexi Space<\/h3>\n<p>Steenweg op Mechelen 455 bte 2<br \/>\n1950 Kraainem<br \/>\nV\u00e9ronique Mesmaekers<br \/>\n<strong>Tel.<\/strong> <a href=\"tel:003228806500\">+32 2 880 65 00<\/a><br \/>\n<strong>Mail:<\/strong> <a href=\"mailto:veronique@flexi-space.be\">veronique@flexi-space.be<\/a><\/p>\n<\/div><\/div><\/div><\/div><\/div><\/div><\/div><\/div><\/div><div class=\"vc_col-sm-6 wpb_column vc_column_container ctct-r\"><div class=\"vc_column-inner\"><div class=\"wpb_wrapper\">\n<div class=\"wpcf7 no-js\" id=\"wpcf7-f1004-o1\" lang=\"en-US\" dir=\"ltr\" data-wpcf7-id=\"1004\">\n<div class=\"screen-reader-response\"><p role=\"status\" aria-live=\"polite\" aria-atomic=\"true\"><\/p> <ul><\/ul><\/div>\n<form action=\"\/nl\/wp-json\/wp\/v2\/pages\/566#wpcf7-f1004-o1\" method=\"post\" class=\"wpcf7-form init\" aria-label=\"Contact form\" novalidate=\"novalidate\" data-status=\"init\">\n<fieldset class=\"hidden-fields-container\"><input type=\"hidden\" name=\"_wpcf7\" value=\"1004\" \/><input type=\"hidden\" name=\"_wpcf7_version\" value=\"6.1.5\" \/><input type=\"hidden\" name=\"_wpcf7_locale\" value=\"en_US\" \/><input type=\"hidden\" name=\"_wpcf7_unit_tag\" value=\"wpcf7-f1004-o1\" \/><input type=\"hidden\" name=\"_wpcf7_container_post\" value=\"0\" \/><input type=\"hidden\" name=\"_wpcf7_posted_data_hash\" value=\"\" \/>\n<\/fieldset>\n<p class=\"slct\"><br \/>\n<span class=\"wpcf7-form-control-wrap\" data-name=\"menu-597\"><select class=\"wpcf7-form-control wpcf7-select\" aria-invalid=\"false\" name=\"menu-597\"><option value=\"Flexi space\">Flexi space<\/option><option value=\"Cogerimo\">Cogerimo<\/option><\/select><\/span>\n<\/p>\n<p><span class=\"wpcf7-form-control-wrap\" data-name=\"your-name\"><input size=\"40\" maxlength=\"400\" class=\"wpcf7-form-control wpcf7-text wpcf7-validates-as-required\" aria-required=\"true\" aria-invalid=\"false\" placeholder=\"Naam\" value=\"\" type=\"text\" name=\"your-name\" \/><\/span>\n<\/p>\n<p><span class=\"wpcf7-form-control-wrap\" data-name=\"your-email\"><input size=\"40\" maxlength=\"400\" class=\"wpcf7-form-control wpcf7-email wpcf7-validates-as-required wpcf7-text wpcf7-validates-as-email\" aria-required=\"true\" aria-invalid=\"false\" placeholder=\"Email\" value=\"\" type=\"email\" name=\"your-email\" \/><\/span>\n<\/p>\n<p><span class=\"wpcf7-form-control-wrap\" data-name=\"text-658\"><input size=\"40\" maxlength=\"400\" class=\"wpcf7-form-control wpcf7-text\" aria-invalid=\"false\" placeholder=\"Bedrijf\" value=\"\" type=\"text\" name=\"text-658\" \/><\/span>\n<\/p>\n<p><span class=\"wpcf7-form-control-wrap\" data-name=\"your-message\"><textarea cols=\"40\" rows=\"10\" maxlength=\"2000\" class=\"wpcf7-form-control wpcf7-textarea\" aria-invalid=\"false\" placeholder=\"Bericht\" name=\"your-message\"><\/textarea><\/span>\n<\/p>\n<div>\n\t<p>Anti-spam: <input type=\"hidden\" name=\"_wpcf7_captcha_challenge_captcha-778\" value=\"1512021866\" \/><img loading=\"lazy\" decoding=\"async\" class=\"wpcf7-form-control wpcf7-captchac wpcf7-captcha-captcha-778\" width=\"60\" height=\"20\" alt=\"captcha\" src=\"https:\/\/crossroadslocations.be\/wp-content\/uploads\/wpcf7_captcha\/1512021866.png\" \/><br \/>\n<span class=\"wpcf7-form-control-wrap\" data-name=\"captcha-778\"><input size=\"4\" maxlength=\"4\" class=\"wpcf7-form-control wpcf7-captchar\" autocomplete=\"off\" aria-invalid=\"false\" placeholder=\"Copy the code\" value=\"\" type=\"text\" name=\"captcha-778\" \/><\/span>\n\t<\/p>\n<\/div>\n<p><input class=\"wpcf7-form-control wpcf7-submit has-spinner\" type=\"submit\" value=\"Bericht versturen\" \/>\n<\/p><div class=\"wpcf7-response-output\" aria-hidden=\"true\"><\/div>\n<\/form>\n<\/div>\n<\/div><\/div><\/div><\/div><\/div><\/section>\n","protected":false},"excerpt":{"rendered":"CONTACT Contact De SEM-gebouwen worden beheerd door het bedrijf Cogerimo, een management- en truststructuur die is gecre\u00eberd voor het beheer van het familiaal patrimonium. Contact Cogerimo Rue Joseph Stevens, 7 1000 Bruxelles Christine Flion, Directeur G\u00e9n\u00e9ral Tel. +32 2 513 45 68 Mail: info@cogerimo.be Contact Flexi Space Steenweg op Mechelen 455 bte 2 1950 Kraainem...","protected":false},"author":1,"featured_media":0,"parent":0,"menu_order":0,"comment_status":"closed","ping_status":"closed","template":"","meta":{"_acf_changed":false,"_exactmetrics_skip_tracking":false,"_exactmetrics_sitenote_active":false,"_exactmetrics_sitenote_note":"","_exactmetrics_sitenote_category":0,"footnotes":""},"class_list":["post-566","page","type-page","status-publish","hentry"],"acf":[],"yoast_head":"<!-- This site is optimized with the Yoast SEO plugin v27.0 - https:\/\/yoast.com\/product\/yoast-seo-wordpress\/ -->\n<title>Contact - Crossroadlocations<\/title>\n<meta name=\"description\" content=\"Les immeubles de SEM sont g\u00e9r\u00e9s par la soci\u00e9t\u00e9 Cogerimo qui est une structure de g\u00e9rance et de syndic cr\u00e9\u00e9e historiquement pour la gestion du patrimoine familial.\" \/>\n<meta name=\"robots\" content=\"index, follow, max-snippet:-1, max-image-preview:large, max-video-preview:-1\" \/>\n<link rel=\"canonical\" href=\"https:\/\/crossroadslocations.be\/nl\/contact\/\" \/>\n<meta property=\"og:locale\" content=\"nl_NL\" \/>\n<meta property=\"og:type\" content=\"article\" \/>\n<meta property=\"og:title\" content=\"Contact - Crossroadlocations\" \/>\n<meta property=\"og:description\" content=\"Les immeubles de SEM sont g\u00e9r\u00e9s par la soci\u00e9t\u00e9 Cogerimo qui est une structure de g\u00e9rance et de syndic cr\u00e9\u00e9e historiquement pour la gestion du patrimoine familial.\" \/>\n<meta property=\"og:url\" content=\"https:\/\/crossroadslocations.be\/nl\/contact\/\" \/>\n<meta property=\"og:site_name\" content=\"Crossroadlocations\" \/>\n<meta property=\"article:modified_time\" content=\"2020-09-17T12:31:08+00:00\" \/>\n<meta name=\"twitter:card\" content=\"summary_large_image\" \/>\n<meta name=\"twitter:label1\" content=\"Geschatte leestijd\" \/>\n\t<meta name=\"twitter:data1\" content=\"1 minuut\" \/>\n<script type=\"application\/ld+json\" class=\"yoast-schema-graph\">{\"@context\":\"https:\/\/schema.org\",\"@graph\":[{\"@type\":\"WebPage\",\"@id\":\"https:\/\/crossroadslocations.be\/nl\/contact\/\",\"url\":\"https:\/\/crossroadslocations.be\/nl\/contact\/\",\"name\":\"Contact - Crossroadlocations\",\"isPartOf\":{\"@id\":\"https:\/\/crossroadslocations.be\/#website\"},\"datePublished\":\"2017-12-05T21:48:10+00:00\",\"dateModified\":\"2020-09-17T12:31:08+00:00\",\"description\":\"Les immeubles de SEM sont g\u00e9r\u00e9s par la soci\u00e9t\u00e9 Cogerimo qui est une structure de g\u00e9rance et de syndic cr\u00e9\u00e9e historiquement pour la gestion du patrimoine familial.\",\"breadcrumb\":{\"@id\":\"https:\/\/crossroadslocations.be\/nl\/contact\/#breadcrumb\"},\"inLanguage\":\"nl-NL\",\"potentialAction\":[{\"@type\":\"ReadAction\",\"target\":[\"https:\/\/crossroadslocations.be\/nl\/contact\/\"]}]},{\"@type\":\"BreadcrumbList\",\"@id\":\"https:\/\/crossroadslocations.be\/nl\/contact\/#breadcrumb\",\"itemListElement\":[{\"@type\":\"ListItem\",\"position\":1,\"name\":\"Home\",\"item\":\"https:\/\/crossroadslocations.be\/nl\/\"},{\"@type\":\"ListItem\",\"position\":2,\"name\":\"Contact\"}]},{\"@type\":\"WebSite\",\"@id\":\"https:\/\/crossroadslocations.be\/#website\",\"url\":\"https:\/\/crossroadslocations.be\/\",\"name\":\"Crossroadlocations\",\"description\":\"Louer un lieu au coeur de vos envies\",\"potentialAction\":[{\"@type\":\"SearchAction\",\"target\":{\"@type\":\"EntryPoint\",\"urlTemplate\":\"https:\/\/crossroadslocations.be\/?s={search_term_string}\"},\"query-input\":{\"@type\":\"PropertyValueSpecification\",\"valueRequired\":true,\"valueName\":\"search_term_string\"}}],\"inLanguage\":\"nl-NL\"}]}<\/script>\n<!-- \/ Yoast SEO plugin. -->","yoast_head_json":{"title":"Contact - Crossroadlocations","description":"Les immeubles de SEM sont g\u00e9r\u00e9s par la soci\u00e9t\u00e9 Cogerimo qui est une structure de g\u00e9rance et de syndic cr\u00e9\u00e9e historiquement pour la gestion du patrimoine familial.","robots":{"index":"index","follow":"follow","max-snippet":"max-snippet:-1","max-image-preview":"max-image-preview:large","max-video-preview":"max-video-preview:-1"},"canonical":"https:\/\/crossroadslocations.be\/nl\/contact\/","og_locale":"nl_NL","og_type":"article","og_title":"Contact - Crossroadlocations","og_description":"Les immeubles de SEM sont g\u00e9r\u00e9s par la soci\u00e9t\u00e9 Cogerimo qui est une structure de g\u00e9rance et de syndic cr\u00e9\u00e9e historiquement pour la gestion du patrimoine familial.","og_url":"https:\/\/crossroadslocations.be\/nl\/contact\/","og_site_name":"Crossroadlocations","article_modified_time":"2020-09-17T12:31:08+00:00","twitter_card":"summary_large_image","twitter_misc":{"Geschatte leestijd":"1 minuut"},"schema":{"@context":"https:\/\/schema.org","@graph":[{"@type":"WebPage","@id":"https:\/\/crossroadslocations.be\/nl\/contact\/","url":"https:\/\/crossroadslocations.be\/nl\/contact\/","name":"Contact - Crossroadlocations","isPartOf":{"@id":"https:\/\/crossroadslocations.be\/#website"},"datePublished":"2017-12-05T21:48:10+00:00","dateModified":"2020-09-17T12:31:08+00:00","description":"Les immeubles de SEM sont g\u00e9r\u00e9s par la soci\u00e9t\u00e9 Cogerimo qui est une structure de g\u00e9rance et de syndic cr\u00e9\u00e9e historiquement pour la gestion du patrimoine familial.","breadcrumb":{"@id":"https:\/\/crossroadslocations.be\/nl\/contact\/#breadcrumb"},"inLanguage":"nl-NL","potentialAction":[{"@type":"ReadAction","target":["https:\/\/crossroadslocations.be\/nl\/contact\/"]}]},{"@type":"BreadcrumbList","@id":"https:\/\/crossroadslocations.be\/nl\/contact\/#breadcrumb","itemListElement":[{"@type":"ListItem","position":1,"name":"Home","item":"https:\/\/crossroadslocations.be\/nl\/"},{"@type":"ListItem","position":2,"name":"Contact"}]},{"@type":"WebSite","@id":"https:\/\/crossroadslocations.be\/#website","url":"https:\/\/crossroadslocations.be\/","name":"Crossroadlocations","description":"Louer un lieu au coeur de vos envies","potentialAction":[{"@type":"SearchAction","target":{"@type":"EntryPoint","urlTemplate":"https:\/\/crossroadslocations.be\/?s={search_term_string}"},"query-input":{"@type":"PropertyValueSpecification","valueRequired":true,"valueName":"search_term_string"}}],"inLanguage":"nl-NL"}]}},"_links":{"self":[{"href":"https:\/\/crossroadslocations.be\/nl\/wp-json\/wp\/v2\/pages\/566","targetHints":{"allow":["GET"]}}],"collection":[{"href":"https:\/\/crossroadslocations.be\/nl\/wp-json\/wp\/v2\/pages"}],"about":[{"href":"https:\/\/crossroadslocations.be\/nl\/wp-json\/wp\/v2\/types\/page"}],"author":[{"embeddable":true,"href":"https:\/\/crossroadslocations.be\/nl\/wp-json\/wp\/v2\/users\/1"}],"replies":[{"embeddable":true,"href":"https:\/\/crossroadslocations.be\/nl\/wp-json\/wp\/v2\/comments?post=566"}],"version-history":[{"count":6,"href":"https:\/\/crossroadslocations.be\/nl\/wp-json\/wp\/v2\/pages\/566\/revisions"}],"predecessor-version":[{"id":2124,"href":"https:\/\/crossroadslocations.be\/nl\/wp-json\/wp\/v2\/pages\/566\/revisions\/2124"}],"wp:attachment":[{"href":"https:\/\/crossroadslocations.be\/nl\/wp-json\/wp\/v2\/media?parent=566"}],"curies":[{"name":"wp","href":"https:\/\/api.w.org\/{rel}","templated":true}]}}